{"id":24,"date":"2021-11-01T18:40:17","date_gmt":"2021-11-01T18:40:17","guid":{"rendered":"https:\/\/antonmarku.eu\/al\/?page_id=24"},"modified":"2024-12-28T03:50:20","modified_gmt":"2024-12-28T03:50:20","slug":"rreth-meje","status":"publish","type":"page","link":"https:\/\/antonmarku.eu\/al\/?page_id=24","title":{"rendered":"Rreth meje"},"content":{"rendered":"<div class=\"wp-block-image\">\n<figure class=\"alignleft size-full is-resized\"><a href=\"https:\/\/antonmarku.eu\/al\/wp-content\/uploads\/2024\/12\/Bild2.jpg\"><img loading=\"lazy\" decoding=\"async\" width=\"404\" height=\"404\" src=\"https:\/\/antonmarku.eu\/al\/wp-content\/uploads\/2024\/12\/Bild2.jpg\" alt=\"\" class=\"wp-image-661\" style=\"width:224px;height:auto\" srcset=\"https:\/\/antonmarku.eu\/al\/wp-content\/uploads\/2024\/12\/Bild2.jpg 404w, https:\/\/antonmarku.eu\/al\/wp-content\/uploads\/2024\/12\/Bild2-300x300.jpg 300w, https:\/\/antonmarku.eu\/al\/wp-content\/uploads\/2024\/12\/Bild2-150x150.jpg 150w, https:\/\/antonmarku.eu\/al\/wp-content\/uploads\/2024\/12\/Bild2-400x400.jpg 400w\" sizes=\"auto, (max-width: 404px) 100vw, 404px\" \/><\/a><figcaption class=\"wp-element-caption\">        Anton Marku, Vjen\u00eb<\/figcaption><\/figure>\n<\/div>\n\n\n<p class=\"has-small-font-size\"><strong>Anton Marku<\/strong> lindi m\u00eb 15 gusht 1971 n\u00eb Gjakov\u00eb. Shkoll\u00ebn fillore dhe t\u00eb mesme i mbaroi n\u00eb Gjakov\u00eb, ku kreu edhe Shkoll\u00ebn e Lart\u00eb Pedagogjike &#8211; dega gjuh\u00eb dhe let\u00ebrsi shqipe. Studimet Universitare i p\u00ebrfundoi n\u00eb Prishtin\u00eb, nd\u00ebrsa n\u00eb Vjen\u00eb p\u00ebrfundoi studimet master n\u00eb shkencat politike.<\/p>\n\n\n\n<p class=\"has-small-font-size\">Ka 16 vjet q\u00eb jeton dhe punon n\u00eb Austri. Me shkrime letrare ka filluar t\u00eb merret qyshkur ishte nx\u00ebn\u00ebs. Shkruan kryesisht poezi p\u00ebr t\u00eb rritur. Deri m\u00eb tani ka botuar gjash\u00ebmb\u00ebdhjet\u00eb libra me poezi dhe tregime, disa prej t\u00eb cil\u00ebve jan\u00eb p\u00ebrkthyer edhe n\u00eb gjuh\u00ebn angleze, gjermane, italiane, ruse, perse, arabe, greke, suedeze, rumune, kroate dhe serbe.<\/p>\n\n\n\n<p class=\"has-small-font-size\">Botimet:<\/p>\n\n\n\n<p class=\"has-black-color has-text-color has-link-color has-small-font-size wp-elements-15a7bf5e90710114d74c1a3335cd547a\">1. \u2018\u2018Cikloni i dashuris\u00eb\u2019\u2019 (2000)<br>2. \u2018\u2018Gjurm\u00eb mbi hije\u2019\u2019 (2002)<br>3. \u2018\u2018Dielli i mesnat\u00ebs\u2019\u2019 (2004)<br>4. \u2018\u2018Vizioni blu\u2019\u2019 (2010)<br>5. \u2018\u2018N\u00eb duet me vetveten\u2019\u2019 (2012)<br>6. \u2018\u2018Ishujt e jet\u00ebs\u2019\u2019 (2018)<br>7. \u201cDu meine Stimme\u2019\u2019 (\u2018\u2019Ti, z\u00ebri im\u2019\u2019, 2018)<br>8. \u2018\u2018The islands of life\u2019\u2019 (\u2018\u2018Ishujt e jet\u00ebs\u2019\u2019, 2018)<br>9. \u2018\u2018N\u00eb secil\u00ebn hije pak drit\u00eb\u2019\u2019 (2019)<br>10. \u2018\u2018Die Haut des Lebens\u2019\u2019 (\u2018\u2018L\u00ebkura e jet\u00ebs\u2019\u2019, 2020)<br>11. \u2018\u2018Wo waren wir stehen geblieben?\u2019\u2019 (\u2018\u2018Ku pat\u00ebm ndaluar?\u2019\u2019, 2021)<br>12. \u2018\u2018Sammler des Regens\u2019\u2019 (\u2018\u2018Mbledh\u00ebsi i shiut\u2019\u2019, 2021)<br><a>13. \u2018\u2018Nga nj\u00eb koh\u00eb n\u00eb tjetr\u00ebn\u2019\u2019 (2021)<\/a><br>14. \u2018\u2018Duke pritur vetveten\u2019\u2019 (2021)<br>15. \u2018\u2018Die Farbe ihrer Augen\u2019\u2019 (\u2018\u2018Ngjyra e syve t\u00eb saj\u2019\u2019, 2024)<br>16. \u2018\u2018Duke pritur dit\u00ebn e tet\u00eb\u2019\u2019 (2024)<\/p>\n\n\n\n<p class=\"has-small-font-size\">Ai po ashtu \u00ebsht\u00eb prezantuar edhe n\u00eb disa antologji dhe revista n\u00eb Austri dhe Gjermanisi dhe n\u00eb disa antologji t\u00eb krijuesve shqiptar\u00eb n\u00eb m\u00ebrgim.<\/p>\n\n\n\n<p class=\"has-small-font-size\">Anton Marku \u00ebsht\u00eb an\u00ebtar i Lidhjes s\u00eb Shkrimtar\u00ebve t\u00eb Kosov\u00ebs, i Lidhjes Nd\u00ebrkomb\u00ebtare t\u00eb Shkrimtar\u00ebve IWA Bogdani, i Lidhjes s\u00eb Krijuesve Shqiptar\u00eb n\u00eb M\u00ebrgat\u00eb, i Lidhjes s\u00eb Shkrimtar\u00ebve t\u00eb Austris\u00eb, an\u00ebtar i bordit t\u00eb PEN Klubit t\u00eb Austris\u00eb, i shoqat\u00ebs \u2018\u2018<em>IG-Autorinnen und Autoren<\/em>\u2019\u2019<em>,<\/em> klubit letrar \u2018\u2018Gjon Nikoll\u00eb Kazazi\u201d t\u00eb Gjakov\u00ebs si dhe i Lidhjes s\u00eb Shkrimtar\u00ebve dhe Krijuesve Shqiptar\u00eb n\u00eb Austri \u2018\u2018Aleksand\u00ebr Moisiu\u2019\u2019 Vjen\u00eb.<\/p>\n\n\n\n<p class=\"has-small-font-size\">Web: <a href=\"http:\/\/www.antonmarku.eu\">www.antonmarku.eu<\/a><br>E-Mail: <a href=\"mailto:anton.marku1@gmail.com\">anton.marku1@gmail.com<\/a><\/p>\n","protected":false},"excerpt":{"rendered":"<p>Anton Marku lindi m\u00eb 15 gusht 1971 n\u00eb Gjakov\u00eb. Shkoll\u00ebn fillore dhe t\u00eb mesme i mbaroi n\u00eb Gjakov\u00eb, ku kreu edhe Shkoll\u00ebn e Lart\u00eb Pedagogjike [&#8230;]<\/p>\n","protected":false},"author":1,"featured_media":0,"parent":0,"menu_order":0,"comment_status":"closed","ping_status":"closed","template":"templates\/template-sidebar-right.php","meta":{"footnotes":""},"class_list":["post-24","page","type-page","status-publish","hentry"],"_links":{"self":[{"href":"https:\/\/antonmarku.eu\/al\/index.php?rest_route=\/wp\/v2\/pages\/24","targetHints":{"allow":["GET"]}}],"collection":[{"href":"https:\/\/antonmarku.eu\/al\/index.php?rest_route=\/wp\/v2\/pages"}],"about":[{"href":"https:\/\/antonmarku.eu\/al\/index.php?rest_route=\/wp\/v2\/types\/page"}],"author":[{"embeddable":true,"href":"https:\/\/antonmarku.eu\/al\/index.php?rest_route=\/wp\/v2\/users\/1"}],"replies":[{"embeddable":true,"href":"https:\/\/antonmarku.eu\/al\/index.php?rest_route=%2Fwp%2Fv2%2Fcomments&post=24"}],"version-history":[{"count":11,"href":"https:\/\/antonmarku.eu\/al\/index.php?rest_route=\/wp\/v2\/pages\/24\/revisions"}],"predecessor-version":[{"id":662,"href":"https:\/\/antonmarku.eu\/al\/index.php?rest_route=\/wp\/v2\/pages\/24\/revisions\/662"}],"wp:attachment":[{"href":"https:\/\/antonmarku.eu\/al\/index.php?rest_route=%2Fwp%2Fv2%2Fmedia&parent=24"}],"curies":[{"name":"wp","href":"https:\/\/api.w.org\/{rel}","templated":true}]}}