{"id":27,"date":"2021-11-01T18:40:53","date_gmt":"2021-11-01T18:40:53","guid":{"rendered":"https:\/\/antonmarku.eu\/al\/?page_id=27"},"modified":"2025-01-13T03:23:29","modified_gmt":"2025-01-13T03:23:29","slug":"aktualitete","status":"publish","type":"page","link":"https:\/\/antonmarku.eu\/al\/?page_id=27","title":{"rendered":"Aktualitete"},"content":{"rendered":"\n<figure class=\"wp-block-embed is-type-video is-provider-youtube wp-block-embed-youtube wp-embed-aspect-16-9 wp-has-aspect-ratio\"><div class=\"wp-block-embed__wrapper\">\n<iframe loading=\"lazy\" title=\"Cittador IFF 2024 - Interview with Anton Marku\" width=\"800\" height=\"450\" src=\"https:\/\/www.youtube.com\/embed\/GFNprQ8Py7A?feature=oembed\" frameborder=\"0\" allow=\"accelerometer; autoplay; clipboard-write; encrypted-media; gyroscope; picture-in-picture; web-share\" referrerpolicy=\"strict-origin-when-cross-origin\" allowfullscreen><\/iframe>\n<\/div><\/figure>\n\n\n\n<figure class=\"wp-block-embed is-type-video is-provider-youtube wp-block-embed-youtube wp-embed-aspect-16-9 wp-has-aspect-ratio\"><div class=\"wp-block-embed__wrapper\">\n<iframe loading=\"lazy\" title=\"Mir\u00ebm\u00ebngjesi Kosov\u00eb - Drejtp\u00ebrdrejt - Anton Marku  30.06.2019\" width=\"800\" height=\"450\" src=\"https:\/\/www.youtube.com\/embed\/brIHSsUcM3U?feature=oembed\" frameborder=\"0\" allow=\"accelerometer; autoplay; clipboard-write; encrypted-media; gyroscope; picture-in-picture; web-share\" referrerpolicy=\"strict-origin-when-cross-origin\" allowfullscreen><\/iframe>\n<\/div><\/figure>\n","protected":false},"excerpt":{"rendered":"","protected":false},"author":1,"featured_media":0,"parent":0,"menu_order":0,"comment_status":"closed","ping_status":"closed","template":"templates\/template-sidebar-right.php","meta":{"footnotes":""},"class_list":["post-27","page","type-page","status-publish","hentry"],"_links":{"self":[{"href":"https:\/\/antonmarku.eu\/al\/index.php?rest_route=\/wp\/v2\/pages\/27","targetHints":{"allow":["GET"]}}],"collection":[{"href":"https:\/\/antonmarku.eu\/al\/index.php?rest_route=\/wp\/v2\/pages"}],"about":[{"href":"https:\/\/antonmarku.eu\/al\/index.php?rest_route=\/wp\/v2\/types\/page"}],"author":[{"embeddable":true,"href":"https:\/\/antonmarku.eu\/al\/index.php?rest_route=\/wp\/v2\/users\/1"}],"replies":[{"embeddable":true,"href":"https:\/\/antonmarku.eu\/al\/index.php?rest_route=%2Fwp%2Fv2%2Fcomments&post=27"}],"version-history":[{"count":3,"href":"https:\/\/antonmarku.eu\/al\/index.php?rest_route=\/wp\/v2\/pages\/27\/revisions"}],"predecessor-version":[{"id":749,"href":"https:\/\/antonmarku.eu\/al\/index.php?rest_route=\/wp\/v2\/pages\/27\/revisions\/749"}],"wp:attachment":[{"href":"https:\/\/antonmarku.eu\/al\/index.php?rest_route=%2Fwp%2Fv2%2Fmedia&parent=27"}],"curies":[{"name":"wp","href":"https:\/\/api.w.org\/{rel}","templated":true}]}}