{"id":57,"date":"2021-11-01T18:43:40","date_gmt":"2021-11-01T18:43:40","guid":{"rendered":"https:\/\/antonmarku.eu\/al\/?page_id=57"},"modified":"2021-12-18T15:53:44","modified_gmt":"2021-12-18T15:53:44","slug":"kontakti","status":"publish","type":"page","link":"https:\/\/antonmarku.eu\/al\/?page_id=57","title":{"rendered":"Kontakti"},"content":{"rendered":"\n<p>Pronar dhe p\u00ebrgjegj\u00ebs i k\u00ebsaj webfaqe:<\/p>\n\n\n\n<p>Anton Marku, Vjen\u00eb, Austri<br>Tel.: + 43 (0) 676 416 13 76<br>E-Mail: <a href=\"mailto:anton.marku1@gmail.com\">anton.marku1@gmail.com<\/a><br>Web: <a href=\"https:\/\/antonmarku.eu\/al\/\">www.antonmarku.eu<\/a><\/p>\n\n\n\n<p><\/p>\n","protected":false},"excerpt":{"rendered":"<p>Pronar dhe p\u00ebrgjegj\u00ebs i k\u00ebsaj webfaqe: Anton Marku, Vjen\u00eb, AustriTel.: + 43 (0) 676 416 13 76E-Mail: anton.marku1@gmail.comWeb: www.antonmarku.eu<\/p>\n","protected":false},"author":1,"featured_media":0,"parent":0,"menu_order":0,"comment_status":"closed","ping_status":"closed","template":"templates\/template-sidebar-right.php","meta":{"footnotes":""},"class_list":["post-57","page","type-page","status-publish","hentry"],"_links":{"self":[{"href":"https:\/\/antonmarku.eu\/al\/index.php?rest_route=\/wp\/v2\/pages\/57","targetHints":{"allow":["GET"]}}],"collection":[{"href":"https:\/\/antonmarku.eu\/al\/index.php?rest_route=\/wp\/v2\/pages"}],"about":[{"href":"https:\/\/antonmarku.eu\/al\/index.php?rest_route=\/wp\/v2\/types\/page"}],"author":[{"embeddable":true,"href":"https:\/\/antonmarku.eu\/al\/index.php?rest_route=\/wp\/v2\/users\/1"}],"replies":[{"embeddable":true,"href":"https:\/\/antonmarku.eu\/al\/index.php?rest_route=%2Fwp%2Fv2%2Fcomments&post=57"}],"version-history":[{"count":4,"href":"https:\/\/antonmarku.eu\/al\/index.php?rest_route=\/wp\/v2\/pages\/57\/revisions"}],"predecessor-version":[{"id":602,"href":"https:\/\/antonmarku.eu\/al\/index.php?rest_route=\/wp\/v2\/pages\/57\/revisions\/602"}],"wp:attachment":[{"href":"https:\/\/antonmarku.eu\/al\/index.php?rest_route=%2Fwp%2Fv2%2Fmedia&parent=57"}],"curies":[{"name":"wp","href":"https:\/\/api.w.org\/{rel}","templated":true}]}}