{"id":16,"date":"2021-12-04T12:32:17","date_gmt":"2021-12-04T12:32:17","guid":{"rendered":"https:\/\/antonmarku.eu\/de\/?page_id=16"},"modified":"2021-12-07T13:25:53","modified_gmt":"2021-12-07T13:25:53","slug":"interviews","status":"publish","type":"page","link":"https:\/\/antonmarku.eu\/de\/?page_id=16","title":{"rendered":"Interviews"},"content":{"rendered":"\n<figure class=\"wp-block-embed is-type-video is-provider-youtube wp-block-embed-youtube wp-embed-aspect-16-9 wp-has-aspect-ratio\"><div class=\"wp-block-embed__wrapper\">\n<iframe loading=\"lazy\" title=\"Mir\u00ebm\u00ebngjesi Kosov\u00eb - Drejtp\u00ebrdrejt - Anton Marku  30.06.2019\" width=\"800\" height=\"450\" src=\"https:\/\/www.youtube.com\/embed\/brIHSsUcM3U?feature=oembed\" frameborder=\"0\" allow=\"accelerometer; autoplay; clipboard-write; encrypted-media; gyroscope; picture-in-picture\" allowfullscreen><\/iframe>\n<\/div><\/figure>\n\n\n\n<div style=\"height:50px\" aria-hidden=\"true\" class=\"wp-block-spacer\"><\/div>\n\n\n\n<figure class=\"wp-block-embed is-type-video is-provider-youtube wp-block-embed-youtube wp-embed-aspect-16-9 wp-has-aspect-ratio\"><div class=\"wp-block-embed__wrapper\">\n<iframe loading=\"lazy\" title=\"Anton Marku, M.E.S.\/ M.A, Rechtsberater\/ Obmann Aleksander Moisiu\" width=\"800\" height=\"450\" src=\"https:\/\/www.youtube.com\/embed\/x5-Z2Fvx6LM?feature=oembed\" frameborder=\"0\" allow=\"accelerometer; autoplay; clipboard-write; encrypted-media; gyroscope; picture-in-picture\" allowfullscreen><\/iframe>\n<\/div><\/figure>\n\n\n\n<div style=\"height:50px\" aria-hidden=\"true\" class=\"wp-block-spacer\"><\/div>\n\n\n\n<figure class=\"wp-block-embed is-type-video is-provider-youtube wp-block-embed-youtube wp-embed-aspect-16-9 wp-has-aspect-ratio\"><div class=\"wp-block-embed__wrapper\">\n<iframe loading=\"lazy\" title=\"Schachklub Arb\u00ebria\" width=\"800\" height=\"450\" src=\"https:\/\/www.youtube.com\/embed\/OwSdwy5XgWE?feature=oembed\" frameborder=\"0\" allow=\"accelerometer; autoplay; clipboard-write; encrypted-media; gyroscope; picture-in-picture\" allowfullscreen><\/iframe>\n<\/div><\/figure>\n\n\n\n<div style=\"height:50px\" aria-hidden=\"true\" class=\"wp-block-spacer\"><\/div>\n\n\n\n<p><a href=\"https:\/\/www.albaniapress.com\/lajme\/18598\/Intervist%C3%AB-me-diplomatin-poetin-dhe-veprimtarin-n%C3%AB-Vjen%C3%AB-Anton-Marku.html\">https:\/\/www.albaniapress.com\/lajme\/18598\/Intervist%C3%AB-me-diplomatin-poetin-dhe-veprimtarin-n%C3%AB-Vjen%C3%AB-Anton-Marku.html<\/a><\/p>\n","protected":false},"excerpt":{"rendered":"<p>https:\/\/www.albaniapress.com\/lajme\/18598\/Intervist%C3%AB-me-diplomatin-poetin-dhe-veprimtarin-n%C3%AB-Vjen%C3%AB-Anton-Marku.html<\/p>\n","protected":false},"author":1,"featured_media":0,"parent":0,"menu_order":0,"comment_status":"closed","ping_status":"closed","template":"templates\/template-sidebar-right.php","meta":{"footnotes":""},"class_list":["post-16","page","type-page","status-publish","hentry"],"_links":{"self":[{"href":"https:\/\/antonmarku.eu\/de\/index.php?rest_route=\/wp\/v2\/pages\/16","targetHints":{"allow":["GET"]}}],"collection":[{"href":"https:\/\/antonmarku.eu\/de\/index.php?rest_route=\/wp\/v2\/pages"}],"about":[{"href":"https:\/\/antonmarku.eu\/de\/index.php?rest_route=\/wp\/v2\/types\/page"}],"author":[{"embeddable":true,"href":"https:\/\/antonmarku.eu\/de\/index.php?rest_route=\/wp\/v2\/users\/1"}],"replies":[{"embeddable":true,"href":"https:\/\/antonmarku.eu\/de\/index.php?rest_route=%2Fwp%2Fv2%2Fcomments&post=16"}],"version-history":[{"count":4,"href":"https:\/\/antonmarku.eu\/de\/index.php?rest_route=\/wp\/v2\/pages\/16\/revisions"}],"predecessor-version":[{"id":149,"href":"https:\/\/antonmarku.eu\/de\/index.php?rest_route=\/wp\/v2\/pages\/16\/revisions\/149"}],"wp:attachment":[{"href":"https:\/\/antonmarku.eu\/de\/index.php?rest_route=%2Fwp%2Fv2%2Fmedia&parent=16"}],"curies":[{"name":"wp","href":"https:\/\/api.w.org\/{rel}","templated":true}]}}