{"id":27,"date":"2021-12-04T12:45:20","date_gmt":"2021-12-04T12:45:20","guid":{"rendered":"https:\/\/antonmarku.eu\/de\/?page_id=27"},"modified":"2021-12-05T19:21:46","modified_gmt":"2021-12-05T19:21:46","slug":"gedichte","status":"publish","type":"page","link":"https:\/\/antonmarku.eu\/de\/?page_id=27","title":{"rendered":"Gedichte"},"content":{"rendered":"\n<div class=\"wp-block-columns is-layout-flex wp-container-core-columns-is-layout-9d6595d7 wp-block-columns-is-layout-flex\">\n<div class=\"wp-block-column is-layout-flow wp-block-column-is-layout-flow\">\n<pre class=\"wp-block-verse\">LIEBE \r\n\r\nLiebe ist wie \u00c4pfel: \r\nmit einer Hand wirfts du sie, \r\nmit dem anderen f\u00e4ngst du sie, \r\n\r\nmit beiden umschlie\u00dft du sie. \r\n\r\nDann legst du sie unter den Polster \r\nund schl\u00e4fst ein, \r\nbis zu einem anderen Spiel, \r\n\r\nErst am Ende begreifst du, \r\ndass nicht immer gewinnt, \r\nwer mehr gibt.  \r<\/pre>\n\n\n\n<pre class=\"wp-block-verse\">MITTERNACHT \r\n\r\nWenn wir endlich die Gl\u00e4ser leeren \r\nfallen die Kn\u00f6pfe an unseren Hemden ab \r\nmit einer leichten Fingerbewegung. \r\n\r\nDas Zimmer schrumpft \r\nohne die W\u00e4nde zu verschieben. \r\n\r\nAuf Luftl\u00f6chern \r\nkommen und gehen K\u00fcsse. \r\n\r\nDer Traum verdreht die Augen \r\nund legt sich schlafen. \r\n\r\nAlles andere bleibt wach.\r<\/pre>\n\n\n\n<pre class=\"wp-block-verse\">LOSGEL\u00d6ST VOM VERS \r\n\r\nIch sagte: \r\nk\u00fcsse mich \r\nbis K\u00fcsse verzehrt werden. \r\n\r\nSie sagte: \r\nfass mich an \r\nau\u00dferhalb des K\u00f6rpers. \r\n\r\nDu wirst dich gut f\u00fchlen \r\nunter meinem Schatten \r\n\r\nlosgel\u00f6st vom Vers. \r<\/pre>\n\n\n\n<pre class=\"wp-block-verse\">ROTHAARIGE \r\n\r\nWenn du \r\nvor mir stehst \r\nsehe ich nichts anderes. \r\n\r\nWenn du \r\nmit mir sprichst \r\nnichts anderes sehe ich. \r\n\r\nNichts anderes \r\nverliert sich \r\nwie mich in dir. \r<\/pre>\n\n\n\n<pre class=\"wp-block-verse\">MENSCHNMENGE \r\n\r\nHinter diesen T\u00fcren \r\nverbirgt sich ein Dorf \r\nnach ihm eine Stadt \r\ndarin viele Leute \r\nund du und ich \r\nfinden einender nicht. \r<\/pre>\n\n\n\n<pre class=\"wp-block-verse\">DENKEN \r\n\r\nIch denke oft \r\nan dich. \r\n\r\nNoch \u00f6fter \r\nan uns. \r\n\r\nSehr selten \r\ndenke ich an mich. \r\n\r\nDaf\u00fcr \r\nhabe ich keine Zeit. \r\n\r\nIch w\u00fcnsche \r\nich w\u00e4re bei dir. \r\n\r\nDen Kopf zu legen \r\nauf dein Blumennest. \r<\/pre>\n<\/div>\n\n\n\n<div class=\"wp-block-column is-layout-flow wp-block-column-is-layout-flow\">\n<pre class=\"wp-block-verse\">DIE BLUME \r\n\r\nIch malte \r\neine rosa Blume. \r\n\r\nIch schenkte ihr \r\nein St\u00fcck meiner Seele \r\ntausende Tropfen meiner Liebe. \r\n\r\nIch gab ihr keinen Namen. \r\n\r\nIch nannte sie einfach \r\n,,Meine Blume\u2018\u2018. \r\n\r\nSie blicke zum Himmel. \r<\/pre>\n\n\n\n<pre class=\"wp-block-verse\">LIEBESGEBET \r\n\r\nIch w\u00fcnschte \r\nich w\u00e4re \r\ndie einzige Insel \r\ndeines Lebens. \r\n\r\nDas Auge \r\ndeiner Sonne. \r\n\r\nDer Klang \r\ndeiner Stimme. \r\n\r\nWasser \r\ndeines Flusses. \r\n\r\nDecke \r\ndeines K\u00f6rpers.  \r<\/pre>\n\n\n\n<pre class=\"wp-block-verse\">ATEMVOLL \r\n\r\nDie Worte k\u00fcssen sich \r\nin deinem Lied. \r\n\r\nDu tanzt allein \r\nund lernst jeden Tag \r\ndie Liebe. \r\n\r\nDie Erde leuchtet \r\nden Himmel begr\u00fc\u00dft. \r\n\r\nDas Ger\u00e4usch \r\ndes fallenden Schnees \r\nsingt mit. \r\n\r\nEin langer Weg \r\nvon mir \r\nzu deiner Welt.  \r<\/pre>\n\n\n\n<pre class=\"wp-block-verse\">UM MITTERNACHT \r\n\r\nDer Regen \r\nk\u00fcsst deine Augen. \r\n\r\nDein Licht \r\nbegleitet mich \r\nwie ein Schatten. \r\n\r\nIch atmete \r\ndie Nacht ein. \r\n\r\nDas Wort war \r\nalles was ich hatte. \r<\/pre>\n\n\n\n<pre class=\"wp-block-verse\">DORT \r\n\r\nDu warst irgendwie \r\nein bisschen da \r\nein bisschen dort. \r\n\r\nEin Teil in mir \r\neiner in dir. \r\n\r\nDu warst nicht \r\ndort wo du sein solltest \r\n\r\ndu warst nicht ich. \r<\/pre>\n\n\n\n<pre class=\"wp-block-verse\">DER TRAUM \r\n\r\nDu kommst in meinen Traum \r\ngekleidet wie eine Braut. \r\n\r\nSt\u00fcrme, die wir hinterlasssen \r\nz\u00e4hlst du \r\nmit unseren K\u00fcssen. \r\n\r\n\u00dcberzeugt davon \r\nin mehreren Leben \r\nwir waren zerstreut. \r\n\r\nLiebe war f\u00fcr dich \r\nt\u00e4gliches Gl\u00fcck. \r\n\r\nDu gabst mir deine Hand \r\nzusammen einzusinken \r\nin deine Tiefen.\r<\/pre>\n<\/div>\n<\/div>\n","protected":false},"excerpt":{"rendered":"<p>LIEBE Liebe ist wie \u00c4pfel: mit einer Hand wirfts du sie, mit dem anderen f\u00e4ngst du sie, mit beiden umschlie\u00dft du sie. Dann legst du [&#8230;]<\/p>\n","protected":false},"author":1,"featured_media":0,"parent":0,"menu_order":0,"comment_status":"closed","ping_status":"closed","template":"templates\/template-sidebar-right.php","meta":{"footnotes":""},"class_list":["post-27","page","type-page","status-publish","hentry"],"_links":{"self":[{"href":"https:\/\/antonmarku.eu\/de\/index.php?rest_route=\/wp\/v2\/pages\/27","targetHints":{"allow":["GET"]}}],"collection":[{"href":"https:\/\/antonmarku.eu\/de\/index.php?rest_route=\/wp\/v2\/pages"}],"about":[{"href":"https:\/\/antonmarku.eu\/de\/index.php?rest_route=\/wp\/v2\/types\/page"}],"author":[{"embeddable":true,"href":"https:\/\/antonmarku.eu\/de\/index.php?rest_route=\/wp\/v2\/users\/1"}],"replies":[{"embeddable":true,"href":"https:\/\/antonmarku.eu\/de\/index.php?rest_route=%2Fwp%2Fv2%2Fcomments&post=27"}],"version-history":[{"count":3,"href":"https:\/\/antonmarku.eu\/de\/index.php?rest_route=\/wp\/v2\/pages\/27\/revisions"}],"predecessor-version":[{"id":115,"href":"https:\/\/antonmarku.eu\/de\/index.php?rest_route=\/wp\/v2\/pages\/27\/revisions\/115"}],"wp:attachment":[{"href":"https:\/\/antonmarku.eu\/de\/index.php?rest_route=%2Fwp%2Fv2%2Fmedia&parent=27"}],"curies":[{"name":"wp","href":"https:\/\/api.w.org\/{rel}","templated":true}]}}